{"id":325,"date":"2020-06-03T17:51:21","date_gmt":"2020-06-03T17:51:21","guid":{"rendered":"http:\/\/giakassel.de\/?page_id=325"},"modified":"2023-03-05T18:09:52","modified_gmt":"2023-03-05T18:09:52","slug":"impressum","status":"publish","type":"page","link":"https:\/\/giakassel.de\/?page_id=325","title":{"rendered":"Impressum"},"content":{"rendered":"\t\t<div data-elementor-type=\"wp-page\" data-elementor-id=\"325\" class=\"elementor elementor-325\">\n\t\t\t\t\t\t<section class=\"elementor-section elementor-top-section elementor-element elementor-element-98d0454 elementor-section-boxed elementor-section-height-default elementor-section-height-default\" data-id=\"98d0454\" data-element_type=\"section\" data-e-type=\"section\">\n\t\t\t\t\t\t<div class=\"elementor-container elementor-column-gap-default\">\n\t\t\t\t\t<div class=\"elementor-column elementor-col-100 elementor-top-column elementor-element elementor-element-ff7f649\" data-id=\"ff7f649\" data-element_type=\"column\" data-e-type=\"column\">\n\t\t\t<div class=\"elementor-widget-wrap\">\n\t\t\t\t\t\t\t<\/div>\n\t\t<\/div>\n\t\t\t\t\t<\/div>\n\t\t<\/section>\n\t\t\t\t<section class=\"elementor-section elementor-top-section elementor-element elementor-element-d87b4d3 elementor-section-boxed elementor-section-height-default elementor-section-height-default\" data-id=\"d87b4d3\" data-element_type=\"section\" data-e-type=\"section\">\n\t\t\t\t\t\t<div class=\"elementor-container elementor-column-gap-default\">\n\t\t\t\t\t<div class=\"elementor-column elementor-col-100 elementor-top-column elementor-element elementor-element-acb31e0\" data-id=\"acb31e0\" data-element_type=\"column\" data-e-type=\"column\">\n\t\t\t<div class=\"elementor-widget-wrap elementor-element-populated\">\n\t\t\t\t\t\t<div class=\"elementor-element elementor-element-a1b0cd6 elementor-widget elementor-widget-heading\" data-id=\"a1b0cd6\" data-element_type=\"widget\" data-e-type=\"widget\" data-widget_type=\"heading.default\">\n\t\t\t\t<div class=\"elementor-widget-container\">\n\t\t\t\t\t<h2 class=\"elementor-heading-title elementor-size-default\">Impressum<\/h2>\t\t\t\t<\/div>\n\t\t\t\t<\/div>\n\t\t\t\t<div class=\"elementor-element elementor-element-69de8d7 elementor-widget-divider--view-line elementor-widget elementor-widget-divider\" data-id=\"69de8d7\" data-element_type=\"widget\" data-e-type=\"widget\" data-widget_type=\"divider.default\">\n\t\t\t\t<div class=\"elementor-widget-container\">\n\t\t\t\t\t\t\t<div class=\"elementor-divider\">\n\t\t\t<span class=\"elementor-divider-separator\">\n\t\t\t\t\t\t<\/span>\n\t\t<\/div>\n\t\t\t\t\t\t<\/div>\n\t\t\t\t<\/div>\n\t\t\t\t\t<\/div>\n\t\t<\/div>\n\t\t\t\t\t<\/div>\n\t\t<\/section>\n\t\t\t\t<section class=\"elementor-section elementor-top-section elementor-element elementor-element-921150d elementor-section-boxed elementor-section-height-default elementor-section-height-default\" data-id=\"921150d\" data-element_type=\"section\" data-e-type=\"section\">\n\t\t\t\t\t\t<div class=\"elementor-container elementor-column-gap-default\">\n\t\t\t\t\t<div class=\"elementor-column elementor-col-100 elementor-top-column elementor-element elementor-element-9730740\" data-id=\"9730740\" data-element_type=\"column\" data-e-type=\"column\" data-settings=\"{&quot;background_background&quot;:&quot;classic&quot;}\">\n\t\t\t<div class=\"elementor-widget-wrap elementor-element-populated\">\n\t\t\t\t\t\t<div class=\"elementor-element elementor-element-be08395 elementor-invisible elementor-widget elementor-widget-heading\" data-id=\"be08395\" data-element_type=\"widget\" data-e-type=\"widget\" data-settings=\"{&quot;_animation&quot;:&quot;fadeIn&quot;,&quot;_animation_delay&quot;:200}\" data-widget_type=\"heading.default\">\n\t\t\t\t<div class=\"elementor-widget-container\">\n\t\t\t\t\t<h2 class=\"elementor-heading-title elementor-size-default\"><b>Gemeinsam ins Alter Kassel<br>\n Distelbreite 4\n<br> 34130 Kassel\n<br> \n<br>\nVorstandsvorsitzender des Vereins:<br>\nAlmuth B\u00f6ttcher<br>\nE-Mail: vorstand@gia-kassel.de<br><br>\n \nVorstandsvorsitzende der Genossenschaft:<\/br>\nEva Kilian<\/br>\nE-Mail: info@gia-kassel.de<br><br><br>\n\nHaftungsausschluss<\/b><b style=\"font-weight: bold\"><br><br>\n1. Inhalt<\/b><b style=\"font-weight: bold\"><br>\nF\u00fcr die in den Artikeln dieser Webseiten ge\u00e4usserten Ansichten, Meinungen oder Schlussfolgerungen ist allein der jeweilige Autor verantwortlich. Sie decken sich nicht unbedingt mit denen der Gemeinsam ins Alter Kassel oder der Schriftleiterin dieser Webseiten.<br><br>\n \n2. Verweisungen (Web Links)<\/b><b style=\"font-weight: bold\"><br>\nBei direkten oder indirekten Verweisen auf fremde Internetseiten, die au\u00dferhalb des Verantwortungsbereiches des Eigent\u00fcmers und der Schriftleiterin dieser Webseiten liegen, w\u00fcrde eine Haftungsverpflichtung ausschlie\u00dflich in dem Fall eintreten, in dem der Eigent\u00fcmer oder der Schriftleiterin von den Inhalten Kenntnis haben und es ihnen technisch m\u00f6glich und zumutbar w\u00e4re, die Nutzung im Falle rechtswidriger Inhalte zu verhindern.<br>\n \nMit Urteil vom 12. Mai 1998 hat das Landgericht Hamburg entschieden, dass man durch die Anbringung eines Links die Inhalte der gelinkten Seite ggf. mit zu verantworten hat. Dies kann - so das Landgericht - nur dadurch verhindert werden, dass man sich ausdr\u00fccklich von diesen Inhalten distanziert. Weder die Gemeinsam ins Alter Kassel noch der Webmaster hat Einfluss auf Gestaltung und Inhalte der gelinkten Seiten. Deshalb distanzieren wir uns hiermit ausdr\u00fccklich von allen Inhalten aller gelinkten Seiten und machen uns diese Inhalte nicht zueigen.<br>\n \nTrotz sorgf\u00e4ltiger Kontrolle \u00fcbernehmen wir keine Haftung f\u00fcr die Inhalte externer Links.\nF\u00fcr den Inhalt der verlinkten Seiten sind ausschlie\u00dflich deren Betreiber verantwortlich.<br><br>\n \n3. Copyrigh<\/b><b style=\"font-weight: bold\">t<br>\nDer Eigent\u00fcmer und die Schriftleiterin dieser Internetseiten beabsichtigen kein durch Copyright gesch\u00fctztes Material ohne die Genehmigung des Copyrightbesitzers auf diesen Webseiten zu ver\u00f6ffentlichen. Wenn es nicht m\u00f6glich ist, sich f\u00fcr eine Genehmigung mit dem Copyrightbesitzer in Verbindung zu setzen, wird das Copyright des jeweiligen Artikels deutlich angezeigt.\nDas Copyright jeglichen Materials, das von Verfassern stammt, die mit diesen Webseiten verbunden sind, bleibt der Website bzw. diesen Verfassern vorbehalten. Jegliche Vervielf\u00e4ltigung oder Verwendung derartiger Materialien - wie Artikel, Grafiken, Tonaufnahmen oder Texte - in anderen elektronischen oder gedruckten Ver\u00f6ffentlichungen ist ohne die Genehmigung des Verfassers nicht erlaubt.\n <br><br>\n4. Datenschutz<\/b><b style=\"font-weight: bold\"><br>\nSofern innerhalb dieser Webseiten die M\u00f6glichkeit zur Eingabe pers\u00f6nlicher oder organisatorischer Daten (Emailadressen, Namen, Anschriften) gegeben wird, so erfolgt die Preisgabe dieser Daten seitens des Nutzers ausdr\u00fccklich auf freiwilliger Basis. Diese Daten sind in unserem Mitgliederbereich f\u00fcr andere Mitglieder teilweise einsehbar. Der Eigent\u00fcmer garantiert, dass solche Informationen nur dem jeweils angegebenen Zweck dienen und sie niemals an einen Dritten weitergegeben werden. <br>\n \nDiese Datenschutzerkl\u00e4rung soll die Nutzer*innen dieser Website \u00fcber die Art, den Umfang und den Zweck der Erhebung und Verwendung personenbezogener Daten durch den Gemeinsam ins Alter Kassel eG, informieren. Wir nehmen Ihren Datenschutz sehr ernst und behandeln Ihre personenbezogenen Daten vertraulich und entsprechend der gesetzlichen Vorschriften. Da durch neue Technologien und die st\u00e4ndige Weiterentwicklung dieser Webseite \u00c4nderungen an dieser Datenschutzerkl\u00e4rung vorgenommen werden k\u00f6nnen, empfehlen wir Ihnen sich die Datenschutzerkl\u00e4rung in regelm\u00e4\u00dfigen Abst\u00e4nden wieder durchzulesen. Definitionen der verwendeten Begriffe (z.B. \"personenbezogene Daten\" oder \"Verarbeitung\") finden Sie in Art. 4 DSGVO.\n <br><br>\nUmgang mit Kontaktdaten<\/b><b style=\"font-weight: bold\"><br>\nNehmen Sie mit uns als Websitebetreiber per Email Verbindung auf, werden Ihre Angaben gespeichert, damit auf diese zur Bearbeitung und Beantwortung Ihrer Anfrage zur\u00fcckgegriffen werden kann. Diese Daten werden nicht an Dritte weitergegeben. <br><br>\nRechte des Nutzers <\/b><b style=\"font-weight: bold\"><br>\nSie haben als Nutzer*in das Recht, auf Antrag eine kostenlose Auskunft dar\u00fcber zu erhalten, welche personenbezogenen Daten \u00fcber Sie gespeichert wurden. Sie haben au\u00dferdem das Recht auf Berichtigung falscher Daten und auf die Verarbeitungseinschr\u00e4nkung oder L\u00f6schung Ihrer personenbezogenen Daten. Falls zutreffend, k\u00f6nnen Sie auch Ihr Recht auf Datenportabilit\u00e4t geltend machen. Sollten Sie annehmen, dass Ihre Daten unrechtm\u00e4\u00dfig verarbeitet wurden, k\u00f6nnen Sie eine Beschwerde bei der zust\u00e4ndigen Aufsichtsbeh\u00f6rde einreichen. L\u00f6schung von Daten Auf Ihren Wunsch werden Ihre Daten von uns gel\u00f6scht, sofern Ihr Wunsch nicht mit einer gesetzlichen Pflicht zur Aufbewahrung von Daten kollidiert. Von mir gespeicherte Daten werden, sollten sie f\u00fcr ihre Zweckbestimmung nicht mehr vonn\u00f6ten sein und es keine gesetzlichen Aufbewahrungsfristen geben, gel\u00f6scht.\n<br><br>\nWiderspruchsrecht <\/b><b style=\"font-weight: bold\"><br>\nNutzer*innen dieser Webseite k\u00f6nnen von ihrem Widerspruchsrecht Gebrauch machen und der Verarbeitung ihrer personenbezogenen Daten zu jeder Zeit widersprechen. Wenn Sie eine Berichtigung, Sperrung, L\u00f6schung oder Auskunft \u00fcber die zu Ihrer Person gespeicherten personenbezogenen Daten w\u00fcnschen oder Fragen bzgl. der Erhebung, Verarbeitung oder Verwendung Ihrer personenbezogenen Daten haben oder erteilte Einwilligungen widerrufen m\u00f6chten, wenden Sie sich bitte an folgende E-Mail-Adresse: info@gia-kassel.de.\n<br><br>\n5. Rechtswirksamkeit dieses Haftungsausschlusses<\/b><b><br>\nDieser Haftungsausschluss ist als Teil des Internetangebotes zu betrachten, von dem aus auf diese Seite verwiesen wurde. Sofern Teile oder einzelne Formulierungen dieses Textes der geltenden Rechtslage nicht, nicht mehr oder nicht vollst\u00e4ndig entsprechen sollten, bleiben die \u00fcbrigen Teile des Dokumentes in ihrem Inhalt und ihrer G\u00fcltigkeit davon unber\u00fchrt.<\/b><\/h2>\t\t\t\t<\/div>\n\t\t\t\t<\/div>\n\t\t\t\t\t<\/div>\n\t\t<\/div>\n\t\t\t\t\t<\/div>\n\t\t<\/section>\n\t\t\t\t<\/div>\n\t\t","protected":false},"excerpt":{"rendered":"<p>Impressum Gemeinsam ins Alter Kassel Distelbreite 4 34130 Kassel Vorstandsvorsitzender des Vereins: Almuth B\u00f6ttcher E-Mail: vorstand@gia-kassel.de Vorstandsvorsitzende der Genossenschaft: Eva Kilian E-Mail: info@gia-kassel.de Haftungsausschluss 1. Inhalt F\u00fcr die in den Artikeln dieser Webseiten ge\u00e4usserten Ansichten, Meinungen oder Schlussfolgerungen ist allein der jeweilige Autor verantwortlich. Sie decken sich nicht unbedingt mit denen der Gemeinsam ins Alter [&hellip;]<\/p>\n","protected":false},"author":1,"featured_media":0,"parent":0,"menu_order":0,"comment_status":"closed","ping_status":"closed","template":"","meta":{"ocean_post_layout":"full-screen","ocean_both_sidebars_style":"","ocean_both_sidebars_content_width":0,"ocean_both_sidebars_sidebars_width":0,"ocean_sidebar":"0","ocean_second_sidebar":"0","ocean_disable_margins":"enable","ocean_add_body_class":"","ocean_shortcode_before_top_bar":"","ocean_shortcode_after_top_bar":"","ocean_shortcode_before_header":"","ocean_shortcode_after_header":"","ocean_has_shortcode":"","ocean_shortcode_after_title":"","ocean_shortcode_before_footer_widgets":"","ocean_shortcode_after_footer_widgets":"","ocean_shortcode_before_footer_bottom":"","ocean_shortcode_after_footer_bottom":"","ocean_display_top_bar":"off","ocean_display_header":"off","ocean_header_style":"","ocean_center_header_left_menu":"0","ocean_custom_header_template":"0","ocean_custom_logo":0,"ocean_custom_retina_logo":0,"ocean_custom_logo_max_width":0,"ocean_custom_logo_tablet_max_width":0,"ocean_custom_logo_mobile_max_width":0,"ocean_custom_logo_max_height":0,"ocean_custom_logo_tablet_max_height":0,"ocean_custom_logo_mobile_max_height":0,"ocean_header_custom_menu":"0","ocean_menu_typo_font_family":"0","ocean_menu_typo_font_subset":"","ocean_menu_typo_font_size":0,"ocean_menu_typo_font_size_tablet":0,"ocean_menu_typo_font_size_mobile":0,"ocean_menu_typo_font_size_unit":"px","ocean_menu_typo_font_weight":"","ocean_menu_typo_font_weight_tablet":"","ocean_menu_typo_font_weight_mobile":"","ocean_menu_typo_transform":"","ocean_menu_typo_transform_tablet":"","ocean_menu_typo_transform_mobile":"","ocean_menu_typo_line_height":0,"ocean_menu_typo_line_height_tablet":0,"ocean_menu_typo_line_height_mobile":0,"ocean_menu_typo_line_height_unit":"","ocean_menu_typo_spacing":0,"ocean_menu_typo_spacing_tablet":0,"ocean_menu_typo_spacing_mobile":0,"ocean_menu_typo_spacing_unit":"","ocean_menu_link_color":"","ocean_menu_link_color_hover":"","ocean_menu_link_color_active":"","ocean_menu_link_background":"","ocean_menu_link_hover_background":"","ocean_menu_link_active_background":"","ocean_menu_social_links_bg":"","ocean_menu_social_hover_links_bg":"","ocean_menu_social_links_color":"","ocean_menu_social_hover_links_color":"","ocean_disable_title":"on","ocean_disable_heading":"default","ocean_post_title":"","ocean_post_subheading":"","ocean_post_title_style":"","ocean_post_title_background_color":"","ocean_post_title_background":0,"ocean_post_title_bg_image_position":"","ocean_post_title_bg_image_attachment":"","ocean_post_title_bg_image_repeat":"","ocean_post_title_bg_image_size":"","ocean_post_title_height":0,"ocean_post_title_bg_overlay":0.5,"ocean_post_title_bg_overlay_color":"","ocean_disable_breadcrumbs":"default","ocean_breadcrumbs_color":"","ocean_breadcrumbs_separator_color":"","ocean_breadcrumbs_links_color":"","ocean_breadcrumbs_links_hover_color":"","ocean_display_footer_widgets":"on","ocean_display_footer_bottom":"default","ocean_custom_footer_template":"0","footnotes":""},"class_list":["post-325","page","type-page","status-publish","hentry","entry"],"_links":{"self":[{"href":"https:\/\/giakassel.de\/index.php?rest_route=\/wp\/v2\/pages\/325","targetHints":{"allow":["GET"]}}],"collection":[{"href":"https:\/\/giakassel.de\/index.php?rest_route=\/wp\/v2\/pages"}],"about":[{"href":"https:\/\/giakassel.de\/index.php?rest_route=\/wp\/v2\/types\/page"}],"author":[{"embeddable":true,"href":"https:\/\/giakassel.de\/index.php?rest_route=\/wp\/v2\/users\/1"}],"replies":[{"embeddable":true,"href":"https:\/\/giakassel.de\/index.php?rest_route=%2Fwp%2Fv2%2Fcomments&post=325"}],"version-history":[{"count":18,"href":"https:\/\/giakassel.de\/index.php?rest_route=\/wp\/v2\/pages\/325\/revisions"}],"predecessor-version":[{"id":1588,"href":"https:\/\/giakassel.de\/index.php?rest_route=\/wp\/v2\/pages\/325\/revisions\/1588"}],"wp:attachment":[{"href":"https:\/\/giakassel.de\/index.php?rest_route=%2Fwp%2Fv2%2Fmedia&parent=325"}],"curies":[{"name":"wp","href":"https:\/\/api.w.org\/{rel}","templated":true}]}}